{"id":139,"date":"2024-04-12T19:34:34","date_gmt":"2024-04-12T19:34:34","guid":{"rendered":"https:\/\/ford-hemer.at\/?page_id=139"},"modified":"2026-01-12T07:11:37","modified_gmt":"2026-01-12T07:11:37","slug":"ford-hemer","status":"publish","type":"page","link":"https:\/\/ford-hemer.at\/","title":{"rendered":"Willkommen bei Karl Hemer GmbH"},"content":{"rendered":"<div class=\"wp-block-image\">\n<figure class=\"alignright size-large is-resized\"><img loading=\"lazy\" decoding=\"async\" width=\"756\" height=\"1024\" src=\"https:\/\/ford-hemer.at\/wp-content\/uploads\/2025\/09\/Ford-Spezialwerkstatt-756x1024.jpeg\" alt=\"\" class=\"wp-image-339\" style=\"width:336px;height:auto\" srcset=\"https:\/\/ford-hemer.at\/wp-content\/uploads\/2025\/09\/Ford-Spezialwerkstatt-756x1024.jpeg 756w, https:\/\/ford-hemer.at\/wp-content\/uploads\/2025\/09\/Ford-Spezialwerkstatt-222x300.jpeg 222w, https:\/\/ford-hemer.at\/wp-content\/uploads\/2025\/09\/Ford-Spezialwerkstatt-768x1040.jpeg 768w, https:\/\/ford-hemer.at\/wp-content\/uploads\/2025\/09\/Ford-Spezialwerkstatt-1134x1536.jpeg 1134w, https:\/\/ford-hemer.at\/wp-content\/uploads\/2025\/09\/Ford-Spezialwerkstatt-1512x2048.jpeg 1512w, https:\/\/ford-hemer.at\/wp-content\/uploads\/2025\/09\/Ford-Spezialwerkstatt-scaled.jpeg 1890w\" sizes=\"auto, (max-width: 756px) 100vw, 756px\" \/><\/figure>\n<\/div>\n\n\n<p class=\"has-medium-font-size\"><strong>Willkommen bei Ihrer zuverl\u00e4ssigen Kfz-Werkstatt in Wien!<\/strong><\/p>\n\n\n\n<p><\/p>\n\n\n\n<p class=\"has-small-font-size\">Von 1978 bis Anfang 2025 waren wir eine FORD-Vertragswerkst\u00e4tte. Wir sind weiterhin Ihr kompetenter Ansprechpartner, wenn es um die Reparatur und Wartung von Ihrem FORD aber auch Ihrem Fahrzeug anderer Marken geht.<\/p>\n\n\n\n<p class=\"has-small-font-size\">Mit Mai 2025 sind wir weiterhin eine Ford-Spezialwerkstatt jedoch ohne vertragliche Bindung. Wir k\u00f6nnen weiterhin auf den Serviceplan zugreifen und somit alle servicerelevanten Arbeiten bei Ihrem Ford durchf\u00fchren unter Aufrechterhaltung etwaiger Garantien, Ihnen eine Mobilit\u00e4tsgarantie ausstellen und alle anderen Arbeiten wie auch Fehlerdiagnosen mit der Original Diagnosesoftware durchf\u00fchren wie bisher.<\/p>\n\n\n\n<p class=\"has-small-font-size\">Unser Team besteht aus erfahrenen und qualifizierten Mitarbeitern, die regelm\u00e4\u00dfig geschult werden und somit immer auf dem neuesten Stand der Technik sind. <\/p>\n\n\n\n<p class=\"has-text-align-left has-small-font-size\">Wir \u00fcbernehmen alle Arten von Reparaturen, von der kleinen Beule bis hin zum Motorschaden. Auch f\u00fcr eine \u00a757a-\u00dcberpr\u00fcfung oder einen Servicetermin sind Sie bei uns richtig.<\/p>\n\n\n\n<p><\/p>\n","protected":false},"excerpt":{"rendered":"<p>Willkommen bei Ihrer zuverl\u00e4ssigen Kfz-Werkstatt in Wien! Von 1978 bis Anfang 2025 waren wir eine FORD-Vertragswerkst\u00e4tte. Wir sind weiterhin Ihr kompetenter Ansprechpartner, wenn es um die Reparatur und Wartung von Ihrem FORD aber auch Ihrem Fahrzeug anderer Marken geht. Mit Mai 2025 sind wir weiterhin eine Ford-Spezialwerkstatt jedoch ohne vertragliche Bindung. Wir k\u00f6nnen weiterhin auf&#8230;<\/p>\n","protected":false},"author":1,"featured_media":0,"parent":0,"menu_order":0,"comment_status":"closed","ping_status":"closed","template":"","meta":{"_kad_post_transparent":"","_kad_post_title":"","_kad_post_layout":"","_kad_post_sidebar_id":"","_kad_post_content_style":"","_kad_post_vertical_padding":"","_kad_post_feature":"","_kad_post_feature_position":"","_kad_post_header":false,"_kad_post_footer":false,"footnotes":""},"class_list":["post-139","page","type-page","status-publish","hentry"],"_links":{"self":[{"href":"https:\/\/ford-hemer.at\/index.php\/wp-json\/wp\/v2\/pages\/139","targetHints":{"allow":["GET"]}}],"collection":[{"href":"https:\/\/ford-hemer.at\/index.php\/wp-json\/wp\/v2\/pages"}],"about":[{"href":"https:\/\/ford-hemer.at\/index.php\/wp-json\/wp\/v2\/types\/page"}],"author":[{"embeddable":true,"href":"https:\/\/ford-hemer.at\/index.php\/wp-json\/wp\/v2\/users\/1"}],"replies":[{"embeddable":true,"href":"https:\/\/ford-hemer.at\/index.php\/wp-json\/wp\/v2\/comments?post=139"}],"version-history":[{"count":39,"href":"https:\/\/ford-hemer.at\/index.php\/wp-json\/wp\/v2\/pages\/139\/revisions"}],"predecessor-version":[{"id":396,"href":"https:\/\/ford-hemer.at\/index.php\/wp-json\/wp\/v2\/pages\/139\/revisions\/396"}],"wp:attachment":[{"href":"https:\/\/ford-hemer.at\/index.php\/wp-json\/wp\/v2\/media?parent=139"}],"curies":[{"name":"wp","href":"https:\/\/api.w.org\/{rel}","templated":true}]}}