{"id":21,"date":"2024-01-22T12:53:35","date_gmt":"2024-01-22T11:53:35","guid":{"rendered":"https:\/\/emmilubia.wordpress.com\/?page_id=21"},"modified":"2026-02-02T15:13:17","modified_gmt":"2026-02-02T15:13:17","slug":"oeffnungszeiten","status":"publish","type":"page","link":"https:\/\/ford-hemer.at\/index.php\/oeffnungszeiten\/","title":{"rendered":"\u00d6ffnungszeiten"},"content":{"rendered":"\n<p class=\"has-medium-font-size\"><strong>\u00d6ffnungszeiten<\/strong><\/p>\n\n\n\n<p class=\"has-small-font-size\"><strong>Montag, Dienstag, Donnerstag<\/strong><br>07:00 &#8211; 12:00 Uhr<br>12:45 &#8211; 17:30 Uhr<\/p>\n\n\n\n<p class=\"has-small-font-size\"><strong>Mittwoch<\/strong><br>07:00 &#8211; 12:00 Uhr<br>12:45 &#8211; 18:00 Uhr<\/p>\n\n\n\n<p class=\"has-small-font-size\"><strong>Freitag, Samstag, Sonntag<\/strong> geschlossen !<\/p>\n\n\n\n<p><\/p>\n\n\n\n<p><\/p>\n\n\n\n<p><\/p>\n\n\n\n<h2 class=\"wp-block-heading has-medium-font-size\">24-Stunden-Annahme<\/h2>\n\n\n\n<p class=\"has-small-font-size\">Sie k\u00f6nnen Ihr Fahrzeug nicht zu unseren \u00fcblichen \u00d6ffnungszeiten vorbei bringen? Einfach Ihr Fahrzeug ordnungsgem\u00e4\u00df abstellen, Ihren Schl\u00fcssel k\u00f6nnen Sie in den daf\u00fcr vorgesehenen Schl\u00fcsselkasten geben.<\/p>\n\n\n\n<p class=\"has-small-font-size\">Bitte beachten, dass das Parken in Wien kostenpflichtig ist (in der Sulmgasse von Mo-Fr von 9-22 Uhr &#8211; \u00c4nderungen vorbehalten).<\/p>\n\n\n\n<p class=\"has-small-font-size\"><\/p>\n","protected":false},"excerpt":{"rendered":"<p>\u00d6ffnungszeiten Montag, Dienstag, Donnerstag07:00 &#8211; 12:00 Uhr12:45 &#8211; 17:30 Uhr Mittwoch07:00 &#8211; 12:00 Uhr12:45 &#8211; 18:00 Uhr Freitag, Samstag, Sonntag geschlossen ! 24-Stunden-Annahme Sie k\u00f6nnen Ihr Fahrzeug nicht zu unseren \u00fcblichen \u00d6ffnungszeiten vorbei bringen? Einfach Ihr Fahrzeug ordnungsgem\u00e4\u00df abstellen, Ihren Schl\u00fcssel k\u00f6nnen Sie in den daf\u00fcr vorgesehenen Schl\u00fcsselkasten geben. Bitte beachten, dass das Parken in&#8230;<\/p>\n","protected":false},"author":1,"featured_media":0,"parent":0,"menu_order":0,"comment_status":"closed","ping_status":"closed","template":"","meta":{"_kad_post_transparent":"","_kad_post_title":"","_kad_post_layout":"","_kad_post_sidebar_id":"","_kad_post_content_style":"","_kad_post_vertical_padding":"","_kad_post_feature":"","_kad_post_feature_position":"","_kad_post_header":false,"_kad_post_footer":false,"footnotes":""},"class_list":["post-21","page","type-page","status-publish","hentry"],"_links":{"self":[{"href":"https:\/\/ford-hemer.at\/index.php\/wp-json\/wp\/v2\/pages\/21","targetHints":{"allow":["GET"]}}],"collection":[{"href":"https:\/\/ford-hemer.at\/index.php\/wp-json\/wp\/v2\/pages"}],"about":[{"href":"https:\/\/ford-hemer.at\/index.php\/wp-json\/wp\/v2\/types\/page"}],"author":[{"embeddable":true,"href":"https:\/\/ford-hemer.at\/index.php\/wp-json\/wp\/v2\/users\/1"}],"replies":[{"embeddable":true,"href":"https:\/\/ford-hemer.at\/index.php\/wp-json\/wp\/v2\/comments?post=21"}],"version-history":[{"count":31,"href":"https:\/\/ford-hemer.at\/index.php\/wp-json\/wp\/v2\/pages\/21\/revisions"}],"predecessor-version":[{"id":407,"href":"https:\/\/ford-hemer.at\/index.php\/wp-json\/wp\/v2\/pages\/21\/revisions\/407"}],"wp:attachment":[{"href":"https:\/\/ford-hemer.at\/index.php\/wp-json\/wp\/v2\/media?parent=21"}],"curies":[{"name":"wp","href":"https:\/\/api.w.org\/{rel}","templated":true}]}}