{"id":32,"date":"2024-01-22T12:45:13","date_gmt":"2024-01-22T11:45:13","guid":{"rendered":"https:\/\/emmilubia.wordpress.com\/?page_id=24"},"modified":"2025-11-27T12:10:00","modified_gmt":"2025-11-27T12:10:00","slug":"team","status":"publish","type":"page","link":"https:\/\/ford-hemer.at\/index.php\/team\/","title":{"rendered":"Team"},"content":{"rendered":"\n<p><\/p>\n\n\n\n<p class=\"has-small-font-size\"><strong>Kristian Ullrich<\/strong> Gesch\u00e4ftsf\u00fchrung, KfZ-Meister<\/p>\n\n\n\n<p class=\"has-small-font-size\"><strong>Bianca Ullrich<\/strong> Gesch\u00e4ftsf\u00fchrung, Buchhaltung<\/p>\n\n\n\n<p class=\"has-small-font-size\"><strong>Thomas Blaha<\/strong> Serviceberater<\/p>\n\n\n\n<p class=\"has-small-font-size\"><strong>Fritz Benjert<\/strong> KfZ-Techniker<\/p>\n\n\n\n<p class=\"has-small-font-size\"><strong>Walter Dworak<\/strong> KfZ-Techniker<\/p>\n\n\n\n<p class=\"has-small-font-size\"><\/p>\n\n\n\n<p><\/p>\n\n\n\n<p><\/p>\n\n\n\n<p><\/p>\n\n\n\n<p class=\"has-small-font-size\"><\/p>\n","protected":false},"excerpt":{"rendered":"<p>Kristian Ullrich Gesch\u00e4ftsf\u00fchrung, KfZ-Meister Bianca Ullrich Gesch\u00e4ftsf\u00fchrung, Buchhaltung Thomas Blaha Serviceberater Fritz Benjert KfZ-Techniker Walter Dworak KfZ-Techniker<\/p>\n","protected":false},"author":1,"featured_media":0,"parent":0,"menu_order":0,"comment_status":"closed","ping_status":"closed","template":"","meta":{"_kad_post_transparent":"","_kad_post_title":"","_kad_post_layout":"","_kad_post_sidebar_id":"","_kad_post_content_style":"","_kad_post_vertical_padding":"","_kad_post_feature":"","_kad_post_feature_position":"","_kad_post_header":false,"_kad_post_footer":false,"footnotes":""},"class_list":["post-32","page","type-page","status-publish","hentry"],"_links":{"self":[{"href":"https:\/\/ford-hemer.at\/index.php\/wp-json\/wp\/v2\/pages\/32","targetHints":{"allow":["GET"]}}],"collection":[{"href":"https:\/\/ford-hemer.at\/index.php\/wp-json\/wp\/v2\/pages"}],"about":[{"href":"https:\/\/ford-hemer.at\/index.php\/wp-json\/wp\/v2\/types\/page"}],"author":[{"embeddable":true,"href":"https:\/\/ford-hemer.at\/index.php\/wp-json\/wp\/v2\/users\/1"}],"replies":[{"embeddable":true,"href":"https:\/\/ford-hemer.at\/index.php\/wp-json\/wp\/v2\/comments?post=32"}],"version-history":[{"count":4,"href":"https:\/\/ford-hemer.at\/index.php\/wp-json\/wp\/v2\/pages\/32\/revisions"}],"predecessor-version":[{"id":375,"href":"https:\/\/ford-hemer.at\/index.php\/wp-json\/wp\/v2\/pages\/32\/revisions\/375"}],"wp:attachment":[{"href":"https:\/\/ford-hemer.at\/index.php\/wp-json\/wp\/v2\/media?parent=32"}],"curies":[{"name":"wp","href":"https:\/\/api.w.org\/{rel}","templated":true}]}}