{"id":88,"date":"2024-01-22T13:50:38","date_gmt":"2024-01-22T12:50:38","guid":{"rendered":"https:\/\/emmilubia.wordpress.com\/?page_id=88"},"modified":"2025-09-17T15:12:26","modified_gmt":"2025-09-17T15:12:26","slug":"impressum","status":"publish","type":"page","link":"https:\/\/ford-hemer.at\/index.php\/impressum\/","title":{"rendered":"Impressum"},"content":{"rendered":"\n<p><\/p>\n\n\n\n<p class=\"has-small-font-size\"><br>Firmenname: Karl Hemer Gesellschaft m.b.H.<br>Firmensitz\/Adresse: Sulmgasse 17, 1160 Wien, \u00d6sterreich<br>Gesch\u00e4ftsf\u00fchrer: Kristian Ullrich<br>Unternehmensgegenstand: KFZ-Reparaturwerkst\u00e4tte<br>Telefon: +43\/1\/4931919; Fax: +43\/1\/4931919-15<br>Email:\u00a0<a href=\"mailto:office@ford-hemer.at\">office@ford-hemer.at<\/a><\/p>\n\n\n\n<p class=\"has-small-font-size\">UID-Nummer: ATU 14785302<\/p>\n\n\n\n<p class=\"has-small-font-size\">Bankverbindung: Oberbank; IBAN: AT48 1500 0041 1104 9658; BIC: OBKLAT2L<\/p>\n\n\n\n<p class=\"has-small-font-size\">Firmenbuchnummer: FN 115150p, Gerichtsstand Handelsgericht Wien<br>Mitgliedschaften bei der Wirtschaftskammerorganisation: Mitglied der WK\u00d6 Kraftfahrzeugtechnik<br>anwendbare Rechtsvorschriften und Zugang dazu: Gewerbeordnung<br>Aufsichtsbeh\u00f6rde\/Gewerbebeh\u00f6rde: Magistrat 1160 Wien<br>Berufsbezeichnung\/Verleihungsstaat: Meisterbetrieb<br>Angaben zur Online-Streitbeteiligung: Sie k\u00f6nnen Beschwerden an die oben genannte E-Mailadresse richten<\/p>\n\n\n\n<p class=\"has-small-font-size\">Website: Karl Hemer GmbH, Website-Design: Bianca Ullrich &amp; Ford Motor Company; Website-Erstellung: Bianca Ullrich; Anfahrtsplan: Google Maps<\/p>\n\n\n\n<p class=\"has-small-font-size\">Alle hier ver\u00f6ffentlichten Texte, Bilder und Grafiken unterliegen dem Urheberrecht. Jede Verwertung, Vervielf\u00e4ltigung, Verbreitung, Weitergabe an Dritte, Speicherung in Datenbanken, Zurverf\u00fcgungstellung und Bearbeitung sowie jede gewerbliche Nutzung, auch in Teilen oder in \u00fcberarbeiteter Form, ist ohne Zustimmung der Website-Inhaberin unzul\u00e4ssig. Alle hier nicht ausdr\u00fccklich einger\u00e4umten Rechte bleiben vorbehalten.<\/p>\n\n\n\n<p class=\"has-small-font-size\">Haftungshinweis:&nbsp;Trotz sorgf\u00e4ltiger inhaltlicher Kontrolle \u00fcbernimmt die Website-Inhaberin keine Haftung f\u00fcr die Inhalte externer Links. F\u00fcr den Inhalt und die Gesetzm\u00e4\u00dfigkeit der verlinkten Seiten sind ausschlie\u00dflich deren Betreiber verantwortlich.&nbsp;Alle Inhalte externer Websites unterliegen dem Urheberrecht der jeweiligen Rechtsinhaber und werden hiermit anerkannt.<\/p>\n\n\n\n<p class=\"has-small-font-size\">Satz- und Tippfehler vorbehalten. Haftungsanspr\u00fcche, welche sich auf Sch\u00e4den materieller oder ideeller Art beziehen, die durch die Nutzung oder Nichtnutzung der zur Verf\u00fcgung gestellten Informationen verursacht wurden, sind grunds\u00e4tzlich ausgeschlossen.<\/p>\n\n\n\n<p class=\"has-medium-font-size\"><strong>Haftungsausschluss<\/strong><\/p>\n\n\n\n<p class=\"has-small-font-size\">Die Karl Hemer GmbH ist bem\u00fcht sicherzustellen, dass alle enthaltenen Informationen korrekt sind. Dennoch kann die Karl Hemer GmbH f\u00fcr die Richtigkeit der Inhalte keine Garantie \u00fcbernehmen und schlie\u00dft jegliche Haftung f\u00fcr die Unrichtigkeit und Unvollst\u00e4ndigkeit der auf der Homepage enthaltenen Informationen aus. Die Karl Hemer GmbH schlie\u00dft insbesondere ausdr\u00fccklich jegliche Haftung f\u00fcr Sch\u00e4den, die direkt oder indirekt aus dem Zugriff entstehen, aus, soweit diese nicht auf Vorsatz oder grober Fahrl\u00e4ssigkeit der Karl Hemer GmbH zur\u00fcckzuf\u00fchren sind.<\/p>\n\n\n\n<h6 class=\"wp-block-heading\"><strong>Haftung f\u00fcr Links auf Webseiten Dritter<\/strong><\/h6>\n\n\n\n<p class=\"has-small-font-size\">Unser Angebot enth\u00e4lt Links zu externen Websites. Auf den Inhalt dieser externen Webseiten haben wir keinerlei Einfluss. Deshalb k\u00f6nnen wir f\u00fcr diese fremden Inhalte auch keine Gew\u00e4hr \u00fcbernehmen. F\u00fcr die Inhalte der verlinkten Seiten ist stets der jeweilige Anbieter oder Betreiber der Seiten verantwortlich. Die verlinkten Seiten wurden zum Zeitpunkt der Verlinkung auf m\u00f6gliche Rechtsverst\u00f6\u00dfe \u00fcberpr\u00fcft. Rechtswidrige Inhalte waren zum Zeitpunkt der Verlinkung nicht erkennbar. Eine permanente inhaltliche Kontrolle der verlinkten Seiten ist jedoch ohne konkrete Anhaltspunkte einer Rechtsverletzung nicht zumutbar. Bei Bekanntwerden von Rechtsverletzungen werden wir derartige Links umgehend entfernen.<\/p>\n\n\n\n<h6 class=\"wp-block-heading\"><strong>Urheberrecht<\/strong><\/h6>\n\n\n\n<p class=\"has-small-font-size\">Die Betreiber dieser Webseite&nbsp;sind bem\u00fcht, stets die Urheberrechte anderer zu beachten bzw. auf selbst erstellte sowie lizenzfreie Werke zur\u00fcckzugreifen. Die durch die Seitenbetreiber erstellten Inhalte und Werke auf dieser Webseite unterliegen dem Urheberrecht. Beitr\u00e4ge Dritter sind als solche gekennzeichnet. Die Vervielf\u00e4ltigung, Bearbeitung, Verbreitung und jede Art der Verwertung au\u00dferhalb der Grenzen des Urheberrechtes bed\u00fcrfen der schriftlichen Zustimmung des jeweiligen Autors bzw. Erstellers. Downloads und Kopien dieser Seite sind nur f\u00fcr den privaten, nicht kommerziellen Gebrauch gestattet.<\/p>\n","protected":false},"excerpt":{"rendered":"<p>Firmenname: Karl Hemer Gesellschaft m.b.H.Firmensitz\/Adresse: Sulmgasse 17, 1160 Wien, \u00d6sterreichGesch\u00e4ftsf\u00fchrer: Kristian UllrichUnternehmensgegenstand: KFZ-Reparaturwerkst\u00e4tteTelefon: +43\/1\/4931919; Fax: +43\/1\/4931919-15Email:\u00a0office@ford-hemer.at UID-Nummer: ATU 14785302 Bankverbindung: Oberbank; IBAN: AT48 1500 0041 1104 9658; BIC: OBKLAT2L Firmenbuchnummer: FN 115150p, Gerichtsstand Handelsgericht WienMitgliedschaften bei der Wirtschaftskammerorganisation: Mitglied der WK\u00d6 Kraftfahrzeugtechnikanwendbare Rechtsvorschriften und Zugang dazu: GewerbeordnungAufsichtsbeh\u00f6rde\/Gewerbebeh\u00f6rde: Magistrat 1160 WienBerufsbezeichnung\/Verleihungsstaat: MeisterbetriebAngaben zur Online-Streitbeteiligung: Sie k\u00f6nnen&#8230;<\/p>\n","protected":false},"author":1,"featured_media":0,"parent":0,"menu_order":0,"comment_status":"closed","ping_status":"closed","template":"","meta":{"_kad_post_transparent":"","_kad_post_title":"","_kad_post_layout":"","_kad_post_sidebar_id":"","_kad_post_content_style":"","_kad_post_vertical_padding":"","_kad_post_feature":"","_kad_post_feature_position":"","_kad_post_header":false,"_kad_post_footer":false,"footnotes":""},"class_list":["post-88","page","type-page","status-publish","hentry"],"_links":{"self":[{"href":"https:\/\/ford-hemer.at\/index.php\/wp-json\/wp\/v2\/pages\/88","targetHints":{"allow":["GET"]}}],"collection":[{"href":"https:\/\/ford-hemer.at\/index.php\/wp-json\/wp\/v2\/pages"}],"about":[{"href":"https:\/\/ford-hemer.at\/index.php\/wp-json\/wp\/v2\/types\/page"}],"author":[{"embeddable":true,"href":"https:\/\/ford-hemer.at\/index.php\/wp-json\/wp\/v2\/users\/1"}],"replies":[{"embeddable":true,"href":"https:\/\/ford-hemer.at\/index.php\/wp-json\/wp\/v2\/comments?post=88"}],"version-history":[{"count":6,"href":"https:\/\/ford-hemer.at\/index.php\/wp-json\/wp\/v2\/pages\/88\/revisions"}],"predecessor-version":[{"id":347,"href":"https:\/\/ford-hemer.at\/index.php\/wp-json\/wp\/v2\/pages\/88\/revisions\/347"}],"wp:attachment":[{"href":"https:\/\/ford-hemer.at\/index.php\/wp-json\/wp\/v2\/media?parent=88"}],"curies":[{"name":"wp","href":"https:\/\/api.w.org\/{rel}","templated":true}]}}